{"id":379,"date":"2024-10-15T12:13:33","date_gmt":"2024-10-15T10:13:33","guid":{"rendered":"https:\/\/serwer1561516.home.pl\/autoinstalator\/wordpress4\/?page_id=379"},"modified":"2025-01-13T11:22:08","modified_gmt":"2025-01-13T10:22:08","slug":"warianty-ustawien","status":"publish","type":"page","link":"https:\/\/sohoartcenter.pl\/index.php\/warianty-ustawien\/","title":{"rendered":"Warianty ustawie\u0144"},"content":{"rendered":"\t\t<div data-elementor-type=\"wp-page\" data-elementor-id=\"379\" class=\"elementor elementor-379\" data-elementor-post-type=\"page\">\n\t\t\t\t<div class=\"elementor-element elementor-element-95ecca7 e-flex e-con-boxed e-con e-parent\" data-id=\"95ecca7\" data-element_type=\"container\" data-e-type=\"container\" data-settings=\"{&quot;background_background&quot;:&quot;classic&quot;}\">\n\t\t\t\t\t<div class=\"e-con-inner\">\n\t\t\t\t<div class=\"elementor-element elementor-element-3dcab778 elementor-invisible elementor-widget elementor-widget-heading\" data-id=\"3dcab778\" data-element_type=\"widget\" data-e-type=\"widget\" data-settings=\"{&quot;_animation&quot;:&quot;fadeInDown&quot;}\" data-widget_type=\"heading.default\">\n\t\t\t\t<div class=\"elementor-widget-container\">\n\t\t\t\t\t<h2 class=\"elementor-heading-title elementor-size-default\">Soho Art Center w Warszawie<\/h2>\t\t\t\t<\/div>\n\t\t\t\t<\/div>\n\t\t\t\t<div class=\"elementor-element elementor-element-31d7d348 elementor-invisible elementor-widget elementor-widget-heading\" data-id=\"31d7d348\" data-element_type=\"widget\" data-e-type=\"widget\" data-settings=\"{&quot;_animation&quot;:&quot;fadeInUp&quot;}\" data-widget_type=\"heading.default\">\n\t\t\t\t<div class=\"elementor-widget-container\">\n\t\t\t\t\t<h1 class=\"elementor-heading-title elementor-size-default\">Warianty ustawie\u0144<\/h1>\t\t\t\t<\/div>\n\t\t\t\t<\/div>\n\t\t\t\t\t<\/div>\n\t\t\t\t<\/div>\n\t\t<div class=\"elementor-element elementor-element-b5cb888 e-flex e-con-boxed e-con e-parent\" data-id=\"b5cb888\" data-element_type=\"container\" data-e-type=\"container\" data-settings=\"{&quot;background_background&quot;:&quot;gradient&quot;}\">\n\t\t\t\t\t<div class=\"e-con-inner\">\n\t\t<div class=\"elementor-element elementor-element-3d3008d0 e-con-full e-flex e-con e-child\" data-id=\"3d3008d0\" data-element_type=\"container\" data-e-type=\"container\" data-settings=\"{&quot;background_background&quot;:&quot;gradient&quot;}\">\n\t\t\t\t<div class=\"elementor-element elementor-element-28ef768 elementor-widget elementor-widget-text-editor\" data-id=\"28ef768\" data-element_type=\"widget\" data-e-type=\"widget\" data-widget_type=\"text-editor.default\">\n\t\t\t\t<div class=\"elementor-widget-container\">\n\t\t\t\t\t\t\t\t\t<p>Sala INTRODUCTION &#8211; HALA 1<\/p>\t\t\t\t\t\t\t\t<\/div>\n\t\t\t\t<\/div>\n\t\t\t\t<div class=\"elementor-element elementor-element-2221069 elementor-widget elementor-widget-gallery\" data-id=\"2221069\" data-element_type=\"widget\" data-e-type=\"widget\" data-settings=\"{&quot;gallery_layout&quot;:&quot;masonry&quot;,&quot;overlay_title&quot;:&quot;alt&quot;,&quot;columns&quot;:2,&quot;lazyload&quot;:&quot;yes&quot;,&quot;columns_tablet&quot;:2,&quot;columns_mobile&quot;:1,&quot;gap&quot;:{&quot;unit&quot;:&quot;px&quot;,&quot;size&quot;:10,&quot;sizes&quot;:[]},&quot;gap_tablet&quot;:{&quot;unit&quot;:&quot;px&quot;,&quot;size&quot;:10,&quot;sizes&quot;:[]},&quot;gap_mobile&quot;:{&quot;unit&quot;:&quot;px&quot;,&quot;size&quot;:10,&quot;sizes&quot;:[]},&quot;link_to&quot;:&quot;file&quot;,&quot;overlay_background&quot;:&quot;yes&quot;,&quot;content_hover_animation&quot;:&quot;fade-in&quot;}\" data-widget_type=\"gallery.default\">\n\t\t\t\t<div class=\"elementor-widget-container\">\n\t\t\t\t\t\t\t<div class=\"elementor-gallery__container\">\n\t\t\t\t\t\t\t<a class=\"e-gallery-item elementor-gallery-item elementor-animated-content\" href=\"https:\/\/sohoartcenter.pl\/wp-content\/uploads\/2024\/10\/Zrzut-ekranu-2024-10-15-o-12.17.08.png\" data-elementor-open-lightbox=\"yes\" data-elementor-lightbox-slideshow=\"2221069\" data-elementor-lightbox-title=\"Uk\u0142ad targowo-konferencyjny WARIANT 1\" data-e-action-hash=\"#elementor-action%3Aaction%3Dlightbox%26settings%3DeyJpZCI6Mzg1LCJ1cmwiOiJodHRwczpcL1wvc29ob2FydGNlbnRlci5wbFwvd3AtY29udGVudFwvdXBsb2Fkc1wvMjAyNFwvMTBcL1pyenV0LWVrcmFudS0yMDI0LTEwLTE1LW8tMTIuMTcuMDgucG5nIiwic2xpZGVzaG93IjoiMjIyMTA2OSJ9\">\n\t\t\t\t\t<div class=\"e-gallery-image elementor-gallery-item__image\" data-thumbnail=\"https:\/\/sohoartcenter.pl\/wp-content\/uploads\/2024\/10\/Zrzut-ekranu-2024-10-15-o-12.17.08-300x242.png\" data-width=\"300\" data-height=\"242\" aria-label=\"\" role=\"img\" ><\/div>\n\t\t\t\t\t\t\t\t\t\t\t<div class=\"elementor-gallery-item__overlay\"><\/div>\n\t\t\t\t\t\t\t\t\t\t\t\t\t\t\t<div class=\"elementor-gallery-item__content\">\n\t\t\t\t\t\t\t\t\t\t\t<\/div>\n\t\t\t\t\t\t\t\t\t<\/a>\n\t\t\t\t\t\t\t<a class=\"e-gallery-item elementor-gallery-item elementor-animated-content\" href=\"https:\/\/sohoartcenter.pl\/wp-content\/uploads\/2024\/10\/Zrzut-ekranu-2024-10-15-o-12.17.20.png\" data-elementor-open-lightbox=\"yes\" data-elementor-lightbox-slideshow=\"2221069\" data-elementor-lightbox-title=\"Uk\u0142ad targowo-konferencyjny WARIANT 1\" data-e-action-hash=\"#elementor-action%3Aaction%3Dlightbox%26settings%3DeyJpZCI6Mzg2LCJ1cmwiOiJodHRwczpcL1wvc29ob2FydGNlbnRlci5wbFwvd3AtY29udGVudFwvdXBsb2Fkc1wvMjAyNFwvMTBcL1pyenV0LWVrcmFudS0yMDI0LTEwLTE1LW8tMTIuMTcuMjAucG5nIiwic2xpZGVzaG93IjoiMjIyMTA2OSJ9\">\n\t\t\t\t\t<div class=\"e-gallery-image elementor-gallery-item__image\" data-thumbnail=\"https:\/\/sohoartcenter.pl\/wp-content\/uploads\/2024\/10\/Zrzut-ekranu-2024-10-15-o-12.17.20-300x170.png\" data-width=\"300\" data-height=\"170\" aria-label=\"\" role=\"img\" ><\/div>\n\t\t\t\t\t\t\t\t\t\t\t<div class=\"elementor-gallery-item__overlay\"><\/div>\n\t\t\t\t\t\t\t\t\t\t\t\t\t\t\t<div class=\"elementor-gallery-item__content\">\n\t\t\t\t\t\t\t\t\t\t\t<\/div>\n\t\t\t\t\t\t\t\t\t<\/a>\n\t\t\t\t\t\t\t<a class=\"e-gallery-item elementor-gallery-item elementor-animated-content\" href=\"https:\/\/sohoartcenter.pl\/wp-content\/uploads\/2024\/10\/Zrzut-ekranu-2024-10-15-o-12.27.44.png\" data-elementor-open-lightbox=\"yes\" data-elementor-lightbox-slideshow=\"2221069\" data-elementor-lightbox-title=\"Uk\u0142ad targowo-konferencyjny WARIANT 2\" data-e-action-hash=\"#elementor-action%3Aaction%3Dlightbox%26settings%3DeyJpZCI6NDAzLCJ1cmwiOiJodHRwczpcL1wvc29ob2FydGNlbnRlci5wbFwvd3AtY29udGVudFwvdXBsb2Fkc1wvMjAyNFwvMTBcL1pyenV0LWVrcmFudS0yMDI0LTEwLTE1LW8tMTIuMjcuNDQucG5nIiwic2xpZGVzaG93IjoiMjIyMTA2OSJ9\">\n\t\t\t\t\t<div class=\"e-gallery-image elementor-gallery-item__image\" data-thumbnail=\"https:\/\/sohoartcenter.pl\/wp-content\/uploads\/2024\/10\/Zrzut-ekranu-2024-10-15-o-12.27.44-300x243.png\" data-width=\"300\" data-height=\"243\" aria-label=\"\" role=\"img\" ><\/div>\n\t\t\t\t\t\t\t\t\t\t\t<div class=\"elementor-gallery-item__overlay\"><\/div>\n\t\t\t\t\t\t\t\t\t\t\t\t\t\t\t<div class=\"elementor-gallery-item__content\">\n\t\t\t\t\t\t\t\t\t\t\t<\/div>\n\t\t\t\t\t\t\t\t\t<\/a>\n\t\t\t\t\t\t\t<a class=\"e-gallery-item elementor-gallery-item elementor-animated-content\" href=\"https:\/\/sohoartcenter.pl\/wp-content\/uploads\/2024\/10\/Zrzut-ekranu-2024-10-15-o-12.28.15.png\" data-elementor-open-lightbox=\"yes\" data-elementor-lightbox-slideshow=\"2221069\" data-elementor-lightbox-title=\"Uk\u0142ad targowo-konferencyjny WARIANT 2\" data-e-action-hash=\"#elementor-action%3Aaction%3Dlightbox%26settings%3DeyJpZCI6NDA0LCJ1cmwiOiJodHRwczpcL1wvc29ob2FydGNlbnRlci5wbFwvd3AtY29udGVudFwvdXBsb2Fkc1wvMjAyNFwvMTBcL1pyenV0LWVrcmFudS0yMDI0LTEwLTE1LW8tMTIuMjguMTUucG5nIiwic2xpZGVzaG93IjoiMjIyMTA2OSJ9\">\n\t\t\t\t\t<div class=\"e-gallery-image elementor-gallery-item__image\" data-thumbnail=\"https:\/\/sohoartcenter.pl\/wp-content\/uploads\/2024\/10\/Zrzut-ekranu-2024-10-15-o-12.28.15-300x169.png\" data-width=\"300\" data-height=\"169\" aria-label=\"\" role=\"img\" ><\/div>\n\t\t\t\t\t\t\t\t\t\t\t<div class=\"elementor-gallery-item__overlay\"><\/div>\n\t\t\t\t\t\t\t\t\t\t\t\t\t\t\t<div class=\"elementor-gallery-item__content\">\n\t\t\t\t\t\t\t\t\t\t\t<\/div>\n\t\t\t\t\t\t\t\t\t<\/a>\n\t\t\t\t\t<\/div>\n\t\t\t\t\t<\/div>\n\t\t\t\t<\/div>\n\t\t\t\t<\/div>\n\t\t\t\t\t<\/div>\n\t\t\t\t<\/div>\n\t\t<div class=\"elementor-element elementor-element-6b85d9a e-flex e-con-boxed e-con e-parent\" data-id=\"6b85d9a\" data-element_type=\"container\" data-e-type=\"container\" data-settings=\"{&quot;background_background&quot;:&quot;gradient&quot;}\">\n\t\t\t\t\t<div class=\"e-con-inner\">\n\t\t<div class=\"elementor-element elementor-element-c05a898 e-con-full e-flex e-con e-child\" data-id=\"c05a898\" data-element_type=\"container\" data-e-type=\"container\" data-settings=\"{&quot;background_background&quot;:&quot;gradient&quot;}\">\n\t\t\t\t<div class=\"elementor-element elementor-element-78388ba elementor-widget elementor-widget-text-editor\" data-id=\"78388ba\" data-element_type=\"widget\" data-e-type=\"widget\" data-widget_type=\"text-editor.default\">\n\t\t\t\t<div class=\"elementor-widget-container\">\n\t\t\t\t\t\t\t\t\t<p>Sala IMMERSYJNA &#8211; HALA 2<\/p>\t\t\t\t\t\t\t\t<\/div>\n\t\t\t\t<\/div>\n\t\t\t\t<div class=\"elementor-element elementor-element-1b7b604 elementor-widget elementor-widget-text-editor\" data-id=\"1b7b604\" data-element_type=\"widget\" data-e-type=\"widget\" data-widget_type=\"text-editor.default\">\n\t\t\t\t<div class=\"elementor-widget-container\">\n\t\t\t\t\t\t\t\t\t<p><strong>KONFERENCJA VIP:<\/strong> 30 sto\u0142\u00f3w x 10 os. = 300 os.<br \/><strong>UK\u0141AD TEATRALNY:<\/strong> 46 rz\u0119d\u00f3w x 12 krzese\u0142 = 552 os<br \/><strong>SCENA 360<\/strong>\u00b0 = 286 krzese\u0142<\/p>\t\t\t\t\t\t\t\t<\/div>\n\t\t\t\t<\/div>\n\t\t\t\t<div class=\"elementor-element elementor-element-fad44aa elementor-widget elementor-widget-gallery\" data-id=\"fad44aa\" data-element_type=\"widget\" data-e-type=\"widget\" data-settings=\"{&quot;gallery_layout&quot;:&quot;masonry&quot;,&quot;overlay_title&quot;:&quot;alt&quot;,&quot;columns&quot;:2,&quot;lazyload&quot;:&quot;yes&quot;,&quot;columns_tablet&quot;:2,&quot;columns_mobile&quot;:1,&quot;gap&quot;:{&quot;unit&quot;:&quot;px&quot;,&quot;size&quot;:10,&quot;sizes&quot;:[]},&quot;gap_tablet&quot;:{&quot;unit&quot;:&quot;px&quot;,&quot;size&quot;:10,&quot;sizes&quot;:[]},&quot;gap_mobile&quot;:{&quot;unit&quot;:&quot;px&quot;,&quot;size&quot;:10,&quot;sizes&quot;:[]},&quot;link_to&quot;:&quot;file&quot;,&quot;overlay_background&quot;:&quot;yes&quot;,&quot;content_hover_animation&quot;:&quot;fade-in&quot;}\" data-widget_type=\"gallery.default\">\n\t\t\t\t<div class=\"elementor-widget-container\">\n\t\t\t\t\t\t\t<div class=\"elementor-gallery__container\">\n\t\t\t\t\t\t\t<a class=\"e-gallery-item elementor-gallery-item elementor-animated-content\" href=\"https:\/\/sohoartcenter.pl\/wp-content\/uploads\/2024\/10\/Zrzut-ekranu-2024-10-15-o-12.32.26.png\" data-elementor-open-lightbox=\"yes\" data-elementor-lightbox-slideshow=\"fad44aa\" data-elementor-lightbox-title=\"KONFERENCJA VIP\" data-e-action-hash=\"#elementor-action%3Aaction%3Dlightbox%26settings%3DeyJpZCI6NDEwLCJ1cmwiOiJodHRwczpcL1wvc29ob2FydGNlbnRlci5wbFwvd3AtY29udGVudFwvdXBsb2Fkc1wvMjAyNFwvMTBcL1pyenV0LWVrcmFudS0yMDI0LTEwLTE1LW8tMTIuMzIuMjYucG5nIiwic2xpZGVzaG93IjoiZmFkNDRhYSJ9\">\n\t\t\t\t\t<div class=\"e-gallery-image elementor-gallery-item__image\" data-thumbnail=\"https:\/\/sohoartcenter.pl\/wp-content\/uploads\/2024\/10\/Zrzut-ekranu-2024-10-15-o-12.32.26-300x272.png\" data-width=\"300\" data-height=\"272\" aria-label=\"\" role=\"img\" ><\/div>\n\t\t\t\t\t\t\t\t\t\t\t<div class=\"elementor-gallery-item__overlay\"><\/div>\n\t\t\t\t\t\t\t\t\t\t\t\t\t\t\t<div class=\"elementor-gallery-item__content\">\n\t\t\t\t\t\t\t\t\t\t\t<\/div>\n\t\t\t\t\t\t\t\t\t<\/a>\n\t\t\t\t\t\t\t<a class=\"e-gallery-item elementor-gallery-item elementor-animated-content\" href=\"https:\/\/sohoartcenter.pl\/wp-content\/uploads\/2024\/10\/Zrzut-ekranu-2024-10-15-o-12.32.41.png\" data-elementor-open-lightbox=\"yes\" data-elementor-lightbox-slideshow=\"fad44aa\" data-elementor-lightbox-title=\"KONFERENCJA VIP\" data-e-action-hash=\"#elementor-action%3Aaction%3Dlightbox%26settings%3DeyJpZCI6NDExLCJ1cmwiOiJodHRwczpcL1wvc29ob2FydGNlbnRlci5wbFwvd3AtY29udGVudFwvdXBsb2Fkc1wvMjAyNFwvMTBcL1pyenV0LWVrcmFudS0yMDI0LTEwLTE1LW8tMTIuMzIuNDEucG5nIiwic2xpZGVzaG93IjoiZmFkNDRhYSJ9\">\n\t\t\t\t\t<div class=\"e-gallery-image elementor-gallery-item__image\" data-thumbnail=\"https:\/\/sohoartcenter.pl\/wp-content\/uploads\/2024\/10\/Zrzut-ekranu-2024-10-15-o-12.32.41-300x173.png\" data-width=\"300\" data-height=\"173\" aria-label=\"\" role=\"img\" ><\/div>\n\t\t\t\t\t\t\t\t\t\t\t<div class=\"elementor-gallery-item__overlay\"><\/div>\n\t\t\t\t\t\t\t\t\t\t\t\t\t\t\t<div class=\"elementor-gallery-item__content\">\n\t\t\t\t\t\t\t\t\t\t\t<\/div>\n\t\t\t\t\t\t\t\t\t<\/a>\n\t\t\t\t\t\t\t<a class=\"e-gallery-item elementor-gallery-item elementor-animated-content\" href=\"https:\/\/sohoartcenter.pl\/wp-content\/uploads\/2024\/10\/Zrzut-ekranu-2024-10-15-o-12.35.14.png\" data-elementor-open-lightbox=\"yes\" data-elementor-lightbox-slideshow=\"fad44aa\" data-elementor-lightbox-title=\"Uk\u0142ad teatralny\" data-e-action-hash=\"#elementor-action%3Aaction%3Dlightbox%26settings%3DeyJpZCI6NDE1LCJ1cmwiOiJodHRwczpcL1wvc29ob2FydGNlbnRlci5wbFwvd3AtY29udGVudFwvdXBsb2Fkc1wvMjAyNFwvMTBcL1pyenV0LWVrcmFudS0yMDI0LTEwLTE1LW8tMTIuMzUuMTQucG5nIiwic2xpZGVzaG93IjoiZmFkNDRhYSJ9\">\n\t\t\t\t\t<div class=\"e-gallery-image elementor-gallery-item__image\" data-thumbnail=\"https:\/\/sohoartcenter.pl\/wp-content\/uploads\/2024\/10\/Zrzut-ekranu-2024-10-15-o-12.35.14-300x273.png\" data-width=\"300\" data-height=\"273\" aria-label=\"\" role=\"img\" ><\/div>\n\t\t\t\t\t\t\t\t\t\t\t<div class=\"elementor-gallery-item__overlay\"><\/div>\n\t\t\t\t\t\t\t\t\t\t\t\t\t\t\t<div class=\"elementor-gallery-item__content\">\n\t\t\t\t\t\t\t\t\t\t\t<\/div>\n\t\t\t\t\t\t\t\t\t<\/a>\n\t\t\t\t\t\t\t<a class=\"e-gallery-item elementor-gallery-item elementor-animated-content\" href=\"https:\/\/sohoartcenter.pl\/wp-content\/uploads\/2024\/10\/Zrzut-ekranu-2024-10-15-o-12.35.32.png\" data-elementor-open-lightbox=\"yes\" data-elementor-lightbox-slideshow=\"fad44aa\" data-elementor-lightbox-title=\"Uk\u0142ad teatralny\" data-e-action-hash=\"#elementor-action%3Aaction%3Dlightbox%26settings%3DeyJpZCI6NDE2LCJ1cmwiOiJodHRwczpcL1wvc29ob2FydGNlbnRlci5wbFwvd3AtY29udGVudFwvdXBsb2Fkc1wvMjAyNFwvMTBcL1pyenV0LWVrcmFudS0yMDI0LTEwLTE1LW8tMTIuMzUuMzIucG5nIiwic2xpZGVzaG93IjoiZmFkNDRhYSJ9\">\n\t\t\t\t\t<div class=\"e-gallery-image elementor-gallery-item__image\" data-thumbnail=\"https:\/\/sohoartcenter.pl\/wp-content\/uploads\/2024\/10\/Zrzut-ekranu-2024-10-15-o-12.35.32-300x175.png\" data-width=\"300\" data-height=\"175\" aria-label=\"\" role=\"img\" ><\/div>\n\t\t\t\t\t\t\t\t\t\t\t<div class=\"elementor-gallery-item__overlay\"><\/div>\n\t\t\t\t\t\t\t\t\t\t\t\t\t\t\t<div class=\"elementor-gallery-item__content\">\n\t\t\t\t\t\t\t\t\t\t\t<\/div>\n\t\t\t\t\t\t\t\t\t<\/a>\n\t\t\t\t\t\t\t<a class=\"e-gallery-item elementor-gallery-item elementor-animated-content\" href=\"https:\/\/sohoartcenter.pl\/wp-content\/uploads\/2024\/10\/Zrzut-ekranu-2024-10-15-o-12.37.01-1.png\" data-elementor-open-lightbox=\"yes\" data-elementor-lightbox-slideshow=\"fad44aa\" data-elementor-lightbox-title=\"Uk\u0142ad scena 360\u00b0\" data-e-action-hash=\"#elementor-action%3Aaction%3Dlightbox%26settings%3DeyJpZCI6NDIyLCJ1cmwiOiJodHRwczpcL1wvc29ob2FydGNlbnRlci5wbFwvd3AtY29udGVudFwvdXBsb2Fkc1wvMjAyNFwvMTBcL1pyenV0LWVrcmFudS0yMDI0LTEwLTE1LW8tMTIuMzcuMDEtMS5wbmciLCJzbGlkZXNob3ciOiJmYWQ0NGFhIn0%3D\">\n\t\t\t\t\t<div class=\"e-gallery-image elementor-gallery-item__image\" data-thumbnail=\"https:\/\/sohoartcenter.pl\/wp-content\/uploads\/2024\/10\/Zrzut-ekranu-2024-10-15-o-12.37.01-1-300x273.png\" data-width=\"300\" data-height=\"273\" aria-label=\"\" role=\"img\" ><\/div>\n\t\t\t\t\t\t\t\t\t\t\t<div class=\"elementor-gallery-item__overlay\"><\/div>\n\t\t\t\t\t\t\t\t\t\t\t\t\t\t\t<div class=\"elementor-gallery-item__content\">\n\t\t\t\t\t\t\t\t\t\t\t<\/div>\n\t\t\t\t\t\t\t\t\t<\/a>\n\t\t\t\t\t\t\t<a class=\"e-gallery-item elementor-gallery-item elementor-animated-content\" href=\"https:\/\/sohoartcenter.pl\/wp-content\/uploads\/2024\/10\/Zrzut-ekranu-2024-10-15-o-12.37.16-1.png\" data-elementor-open-lightbox=\"yes\" data-elementor-lightbox-slideshow=\"fad44aa\" data-elementor-lightbox-title=\"Uk\u0142ad scena 360\u00b0\" data-e-action-hash=\"#elementor-action%3Aaction%3Dlightbox%26settings%3DeyJpZCI6NDIzLCJ1cmwiOiJodHRwczpcL1wvc29ob2FydGNlbnRlci5wbFwvd3AtY29udGVudFwvdXBsb2Fkc1wvMjAyNFwvMTBcL1pyenV0LWVrcmFudS0yMDI0LTEwLTE1LW8tMTIuMzcuMTYtMS5wbmciLCJzbGlkZXNob3ciOiJmYWQ0NGFhIn0%3D\">\n\t\t\t\t\t<div class=\"e-gallery-image elementor-gallery-item__image\" data-thumbnail=\"https:\/\/sohoartcenter.pl\/wp-content\/uploads\/2024\/10\/Zrzut-ekranu-2024-10-15-o-12.37.16-1-300x180.png\" data-width=\"300\" data-height=\"180\" aria-label=\"\" role=\"img\" ><\/div>\n\t\t\t\t\t\t\t\t\t\t\t<div class=\"elementor-gallery-item__overlay\"><\/div>\n\t\t\t\t\t\t\t\t\t\t\t\t\t\t\t<div class=\"elementor-gallery-item__content\">\n\t\t\t\t\t\t\t\t\t\t\t<\/div>\n\t\t\t\t\t\t\t\t\t<\/a>\n\t\t\t\t\t<\/div>\n\t\t\t\t\t<\/div>\n\t\t\t\t<\/div>\n\t\t\t\t<div class=\"elementor-element elementor-element-56e9c03 elementor-align-center elementor-widget elementor-widget-button\" data-id=\"56e9c03\" data-element_type=\"widget\" data-e-type=\"widget\" data-widget_type=\"button.default\">\n\t\t\t\t<div class=\"elementor-widget-container\">\n\t\t\t\t\t\t\t\t\t<div class=\"elementor-button-wrapper\">\n\t\t\t\t\t<a class=\"elementor-button elementor-button-link elementor-size-sm\" href=\"https:\/\/sohoartcenter.pl\/wp-content\/uploads\/2025\/01\/SOHO-ART-CENTER_ustawienia-v01.pdf\" target=\"_blank\">\n\t\t\t\t\t\t<span class=\"elementor-button-content-wrapper\">\n\t\t\t\t\t\t\t\t\t<span class=\"elementor-button-text\">Pobierz plik - Warianty ustawie\u0144<\/span>\n\t\t\t\t\t<\/span>\n\t\t\t\t\t<\/a>\n\t\t\t\t<\/div>\n\t\t\t\t\t\t\t\t<\/div>\n\t\t\t\t<\/div>\n\t\t\t\t<\/div>\n\t\t\t\t\t<\/div>\n\t\t\t\t<\/div>\n\t\t\t\t<\/div>\n\t\t","protected":false},"excerpt":{"rendered":"<p>Soho Art Center w Warszawie Warianty ustawie\u0144 Sala INTRODUCTION &#8211; HALA 1 Sala IMMERSYJNA &#8211; HALA 2 KONFERENCJA VIP: 30 sto\u0142\u00f3w x 10 os. = 300 os.UK\u0141AD TEATRALNY: 46 rz\u0119d\u00f3w x 12 krzese\u0142 = 552 osSCENA 360\u00b0 = 286 krzese\u0142 Pobierz plik &#8211; Warianty ustawie\u0144<\/p>\n","protected":false},"author":1,"featured_media":0,"parent":0,"menu_order":0,"comment_status":"closed","ping_status":"closed","template":"elementor_header_footer","meta":{"footnotes":""},"class_list":["post-379","page","type-page","status-publish","hentry"],"yoast_head":"<!-- This site is optimized with the Yoast SEO plugin v24.0 - https:\/\/yoast.com\/wordpress\/plugins\/seo\/ -->\n<title>Warianty ustawie\u0144 - Soho Art Center - Mi\u0144ska 63 Warszawa<\/title>\n<meta name=\"robots\" content=\"index, follow, max-snippet:-1, max-image-preview:large, max-video-preview:-1\" \/>\n<link rel=\"canonical\" href=\"https:\/\/sohoartcenter.pl\/index.php\/warianty-ustawien\/\" \/>\n<meta property=\"og:locale\" content=\"pl_PL\" \/>\n<meta property=\"og:type\" content=\"article\" \/>\n<meta property=\"og:title\" content=\"Warianty ustawie\u0144 - Soho Art Center - Mi\u0144ska 63 Warszawa\" \/>\n<meta property=\"og:description\" content=\"Soho Art Center w Warszawie Warianty ustawie\u0144 Sala INTRODUCTION &#8211; HALA 1 Sala IMMERSYJNA &#8211; HALA 2 KONFERENCJA VIP: 30 sto\u0142\u00f3w x 10 os. = 300 os.UK\u0141AD TEATRALNY: 46 rz\u0119d\u00f3w x 12 krzese\u0142 = 552 osSCENA 360\u00b0 = 286 krzese\u0142 Pobierz plik &#8211; Warianty ustawie\u0144\" \/>\n<meta property=\"og:url\" content=\"https:\/\/sohoartcenter.pl\/index.php\/warianty-ustawien\/\" \/>\n<meta property=\"og:site_name\" content=\"Soho Art Center - Mi\u0144ska 63 Warszawa\" \/>\n<meta property=\"article:modified_time\" content=\"2025-01-13T10:22:08+00:00\" \/>\n<meta name=\"twitter:card\" content=\"summary_large_image\" \/>\n<meta name=\"twitter:label1\" content=\"Szacowany czas czytania\" \/>\n\t<meta name=\"twitter:data1\" content=\"1 minuta\" \/>\n<script type=\"application\/ld+json\" class=\"yoast-schema-graph\">{\"@context\":\"https:\/\/schema.org\",\"@graph\":[{\"@type\":\"WebPage\",\"@id\":\"https:\/\/sohoartcenter.pl\/index.php\/warianty-ustawien\/\",\"url\":\"https:\/\/sohoartcenter.pl\/index.php\/warianty-ustawien\/\",\"name\":\"Warianty ustawie\u0144 - Soho Art Center - Mi\u0144ska 63 Warszawa\",\"isPartOf\":{\"@id\":\"https:\/\/sohoartcenter.pl\/#website\"},\"datePublished\":\"2024-10-15T10:13:33+00:00\",\"dateModified\":\"2025-01-13T10:22:08+00:00\",\"breadcrumb\":{\"@id\":\"https:\/\/sohoartcenter.pl\/index.php\/warianty-ustawien\/#breadcrumb\"},\"inLanguage\":\"pl-PL\",\"potentialAction\":[{\"@type\":\"ReadAction\",\"target\":[\"https:\/\/sohoartcenter.pl\/index.php\/warianty-ustawien\/\"]}]},{\"@type\":\"BreadcrumbList\",\"@id\":\"https:\/\/sohoartcenter.pl\/index.php\/warianty-ustawien\/#breadcrumb\",\"itemListElement\":[{\"@type\":\"ListItem\",\"position\":1,\"name\":\"Strona g\u0142\u00f3wna\",\"item\":\"https:\/\/sohoartcenter.pl\/\"},{\"@type\":\"ListItem\",\"position\":2,\"name\":\"Warianty ustawie\u0144\"}]},{\"@type\":\"WebSite\",\"@id\":\"https:\/\/sohoartcenter.pl\/#website\",\"url\":\"https:\/\/sohoartcenter.pl\/\",\"name\":\"Soho Art Center - Mi\u0144ska 63 Warszawa\",\"description\":\"Niebanalna przestrze\u0144 na niebanalne cele!\",\"publisher\":{\"@id\":\"https:\/\/sohoartcenter.pl\/#organization\"},\"potentialAction\":[{\"@type\":\"SearchAction\",\"target\":{\"@type\":\"EntryPoint\",\"urlTemplate\":\"https:\/\/sohoartcenter.pl\/?s={search_term_string}\"},\"query-input\":{\"@type\":\"PropertyValueSpecification\",\"valueRequired\":true,\"valueName\":\"search_term_string\"}}],\"inLanguage\":\"pl-PL\"},{\"@type\":\"Organization\",\"@id\":\"https:\/\/sohoartcenter.pl\/#organization\",\"name\":\"Soho Art Center - Mi\u0144ska 63 Warszawa\",\"url\":\"https:\/\/sohoartcenter.pl\/\",\"logo\":{\"@type\":\"ImageObject\",\"inLanguage\":\"pl-PL\",\"@id\":\"https:\/\/sohoartcenter.pl\/#\/schema\/logo\/image\/\",\"url\":\"https:\/\/sohoartcenter.pl\/wp-content\/uploads\/2024\/06\/SOHO-logo-przezroczyste.png\",\"contentUrl\":\"https:\/\/sohoartcenter.pl\/wp-content\/uploads\/2024\/06\/SOHO-logo-przezroczyste.png\",\"width\":613,\"height\":580,\"caption\":\"Soho Art Center - Mi\u0144ska 63 Warszawa\"},\"image\":{\"@id\":\"https:\/\/sohoartcenter.pl\/#\/schema\/logo\/image\/\"}}]}<\/script>\n<!-- \/ Yoast SEO plugin. -->","yoast_head_json":{"title":"Warianty ustawie\u0144 - Soho Art Center - Mi\u0144ska 63 Warszawa","robots":{"index":"index","follow":"follow","max-snippet":"max-snippet:-1","max-image-preview":"max-image-preview:large","max-video-preview":"max-video-preview:-1"},"canonical":"https:\/\/sohoartcenter.pl\/index.php\/warianty-ustawien\/","og_locale":"pl_PL","og_type":"article","og_title":"Warianty ustawie\u0144 - Soho Art Center - Mi\u0144ska 63 Warszawa","og_description":"Soho Art Center w Warszawie Warianty ustawie\u0144 Sala INTRODUCTION &#8211; HALA 1 Sala IMMERSYJNA &#8211; HALA 2 KONFERENCJA VIP: 30 sto\u0142\u00f3w x 10 os. = 300 os.UK\u0141AD TEATRALNY: 46 rz\u0119d\u00f3w x 12 krzese\u0142 = 552 osSCENA 360\u00b0 = 286 krzese\u0142 Pobierz plik &#8211; Warianty ustawie\u0144","og_url":"https:\/\/sohoartcenter.pl\/index.php\/warianty-ustawien\/","og_site_name":"Soho Art Center - Mi\u0144ska 63 Warszawa","article_modified_time":"2025-01-13T10:22:08+00:00","twitter_card":"summary_large_image","twitter_misc":{"Szacowany czas czytania":"1 minuta"},"schema":{"@context":"https:\/\/schema.org","@graph":[{"@type":"WebPage","@id":"https:\/\/sohoartcenter.pl\/index.php\/warianty-ustawien\/","url":"https:\/\/sohoartcenter.pl\/index.php\/warianty-ustawien\/","name":"Warianty ustawie\u0144 - Soho Art Center - Mi\u0144ska 63 Warszawa","isPartOf":{"@id":"https:\/\/sohoartcenter.pl\/#website"},"datePublished":"2024-10-15T10:13:33+00:00","dateModified":"2025-01-13T10:22:08+00:00","breadcrumb":{"@id":"https:\/\/sohoartcenter.pl\/index.php\/warianty-ustawien\/#breadcrumb"},"inLanguage":"pl-PL","potentialAction":[{"@type":"ReadAction","target":["https:\/\/sohoartcenter.pl\/index.php\/warianty-ustawien\/"]}]},{"@type":"BreadcrumbList","@id":"https:\/\/sohoartcenter.pl\/index.php\/warianty-ustawien\/#breadcrumb","itemListElement":[{"@type":"ListItem","position":1,"name":"Strona g\u0142\u00f3wna","item":"https:\/\/sohoartcenter.pl\/"},{"@type":"ListItem","position":2,"name":"Warianty ustawie\u0144"}]},{"@type":"WebSite","@id":"https:\/\/sohoartcenter.pl\/#website","url":"https:\/\/sohoartcenter.pl\/","name":"Soho Art Center - Mi\u0144ska 63 Warszawa","description":"Niebanalna przestrze\u0144 na niebanalne cele!","publisher":{"@id":"https:\/\/sohoartcenter.pl\/#organization"},"potentialAction":[{"@type":"SearchAction","target":{"@type":"EntryPoint","urlTemplate":"https:\/\/sohoartcenter.pl\/?s={search_term_string}"},"query-input":{"@type":"PropertyValueSpecification","valueRequired":true,"valueName":"search_term_string"}}],"inLanguage":"pl-PL"},{"@type":"Organization","@id":"https:\/\/sohoartcenter.pl\/#organization","name":"Soho Art Center - Mi\u0144ska 63 Warszawa","url":"https:\/\/sohoartcenter.pl\/","logo":{"@type":"ImageObject","inLanguage":"pl-PL","@id":"https:\/\/sohoartcenter.pl\/#\/schema\/logo\/image\/","url":"https:\/\/sohoartcenter.pl\/wp-content\/uploads\/2024\/06\/SOHO-logo-przezroczyste.png","contentUrl":"https:\/\/sohoartcenter.pl\/wp-content\/uploads\/2024\/06\/SOHO-logo-przezroczyste.png","width":613,"height":580,"caption":"Soho Art Center - Mi\u0144ska 63 Warszawa"},"image":{"@id":"https:\/\/sohoartcenter.pl\/#\/schema\/logo\/image\/"}}]}},"_links":{"self":[{"href":"https:\/\/sohoartcenter.pl\/index.php\/wp-json\/wp\/v2\/pages\/379","targetHints":{"allow":["GET"]}}],"collection":[{"href":"https:\/\/sohoartcenter.pl\/index.php\/wp-json\/wp\/v2\/pages"}],"about":[{"href":"https:\/\/sohoartcenter.pl\/index.php\/wp-json\/wp\/v2\/types\/page"}],"author":[{"embeddable":true,"href":"https:\/\/sohoartcenter.pl\/index.php\/wp-json\/wp\/v2\/users\/1"}],"replies":[{"embeddable":true,"href":"https:\/\/sohoartcenter.pl\/index.php\/wp-json\/wp\/v2\/comments?post=379"}],"version-history":[{"count":62,"href":"https:\/\/sohoartcenter.pl\/index.php\/wp-json\/wp\/v2\/pages\/379\/revisions"}],"predecessor-version":[{"id":481,"href":"https:\/\/sohoartcenter.pl\/index.php\/wp-json\/wp\/v2\/pages\/379\/revisions\/481"}],"wp:attachment":[{"href":"https:\/\/sohoartcenter.pl\/index.php\/wp-json\/wp\/v2\/media?parent=379"}],"curies":[{"name":"wp","href":"https:\/\/api.w.org\/{rel}","templated":true}]}}